{"id":362,"date":"2020-11-26T11:56:52","date_gmt":"2020-11-26T09:56:52","guid":{"rendered":"https:\/\/samsafamilybakers.ee\/koduleht\/"},"modified":"2023-03-01T13:16:39","modified_gmt":"2023-03-01T11:16:39","slug":"glavnaya","status":"publish","type":"page","link":"https:\/\/samsafamilybakers.ee\/ru\/","title":{"rendered":"\u0413\u043b\u0430\u0432\u043d\u0430\u044f"},"content":{"rendered":"","protected":false},"excerpt":{"rendered":"","protected":false},"author":5,"featured_media":0,"parent":0,"menu_order":0,"comment_status":"closed","ping_status":"closed","template":"page-templates\/flexible.php","meta":[],"yoast_head":"<!-- This site is optimized with the Yoast SEO plugin v20.1 - https:\/\/yoast.com\/wordpress\/plugins\/seo\/ -->\n<title>Usbeki k\u00f6\u00f6k Tallinnas. K\u00e4sitsi valmistatud tooted &bull; Samsa Family Bakers<\/title>\n<meta name=\"robots\" content=\"index, follow, max-snippet:-1, max-image-preview:large, max-video-preview:-1\" \/>\n<link rel=\"canonical\" href=\"https:\/\/samsafamilybakers.ee\/ru\/\" \/>\n<meta property=\"og:locale\" content=\"ru_RU\" \/>\n<meta property=\"og:type\" content=\"article\" \/>\n<meta property=\"og:title\" content=\"Usbeki k\u00f6\u00f6k Tallinnas. K\u00e4sitsi valmistatud tooted &bull; Samsa Family Bakers\" \/>\n<meta property=\"og:url\" content=\"https:\/\/samsafamilybakers.ee\/ru\/\" \/>\n<meta property=\"og:site_name\" content=\"Samsa Family Bakers\" \/>\n<meta property=\"article:modified_time\" content=\"2023-03-01T11:16:39+00:00\" \/>\n<meta name=\"twitter:card\" content=\"summary_large_image\" \/>\n<script type=\"application\/ld+json\" class=\"yoast-schema-graph\">{\"@context\":\"https:\/\/schema.org\",\"@graph\":[{\"@type\":\"WebPage\",\"@id\":\"https:\/\/samsafamilybakers.ee\/ru\/\",\"url\":\"https:\/\/samsafamilybakers.ee\/ru\/\",\"name\":\"Usbeki k\u00f6\u00f6k Tallinnas. K\u00e4sitsi valmistatud tooted &bull; Samsa Family Bakers\",\"isPartOf\":{\"@id\":\"https:\/\/samsafamilybakers.ee\/#website\"},\"datePublished\":\"2020-11-26T09:56:52+00:00\",\"dateModified\":\"2023-03-01T11:16:39+00:00\",\"inLanguage\":\"ru-RU\",\"potentialAction\":[{\"@type\":\"ReadAction\",\"target\":[\"https:\/\/samsafamilybakers.ee\/ru\/\"]}]},{\"@type\":\"WebSite\",\"@id\":\"https:\/\/samsafamilybakers.ee\/#website\",\"url\":\"https:\/\/samsafamilybakers.ee\/\",\"name\":\"Samsa Family Bakers\",\"description\":\"SAMSA Family bakers \u2013 restoran pikaajaliste traditsioonidega\",\"publisher\":{\"@id\":\"https:\/\/samsafamilybakers.ee\/#organization\"},\"potentialAction\":[{\"@type\":\"SearchAction\",\"target\":{\"@type\":\"EntryPoint\",\"urlTemplate\":\"https:\/\/samsafamilybakers.ee\/?s={search_term_string}\"},\"query-input\":\"required name=search_term_string\"}],\"inLanguage\":\"ru-RU\"},{\"@type\":\"Organization\",\"@id\":\"https:\/\/samsafamilybakers.ee\/#organization\",\"name\":\"Samsa Family Bakers\",\"url\":\"https:\/\/samsafamilybakers.ee\/\",\"logo\":{\"@type\":\"ImageObject\",\"inLanguage\":\"ru-RU\",\"@id\":\"https:\/\/samsafamilybakers.ee\/#\/schema\/logo\/image\/\",\"url\":\"https:\/\/samsafamilybakers.ee\/wp-content\/uploads\/2020\/12\/sansa-logo.png\",\"contentUrl\":\"https:\/\/samsafamilybakers.ee\/wp-content\/uploads\/2020\/12\/sansa-logo.png\",\"width\":294,\"height\":236,\"caption\":\"Samsa Family Bakers\"},\"image\":{\"@id\":\"https:\/\/samsafamilybakers.ee\/#\/schema\/logo\/image\/\"}}]}<\/script>\n<!-- \/ Yoast SEO plugin. -->","yoast_head_json":{"title":"Usbeki k\u00f6\u00f6k Tallinnas. K\u00e4sitsi valmistatud tooted &bull; Samsa Family Bakers","robots":{"index":"index","follow":"follow","max-snippet":"max-snippet:-1","max-image-preview":"max-image-preview:large","max-video-preview":"max-video-preview:-1"},"canonical":"https:\/\/samsafamilybakers.ee\/ru\/","og_locale":"ru_RU","og_type":"article","og_title":"Usbeki k\u00f6\u00f6k Tallinnas. K\u00e4sitsi valmistatud tooted &bull; Samsa Family Bakers","og_url":"https:\/\/samsafamilybakers.ee\/ru\/","og_site_name":"Samsa Family Bakers","article_modified_time":"2023-03-01T11:16:39+00:00","twitter_card":"summary_large_image","schema":{"@context":"https:\/\/schema.org","@graph":[{"@type":"WebPage","@id":"https:\/\/samsafamilybakers.ee\/ru\/","url":"https:\/\/samsafamilybakers.ee\/ru\/","name":"Usbeki k\u00f6\u00f6k Tallinnas. K\u00e4sitsi valmistatud tooted &bull; Samsa Family Bakers","isPartOf":{"@id":"https:\/\/samsafamilybakers.ee\/#website"},"datePublished":"2020-11-26T09:56:52+00:00","dateModified":"2023-03-01T11:16:39+00:00","inLanguage":"ru-RU","potentialAction":[{"@type":"ReadAction","target":["https:\/\/samsafamilybakers.ee\/ru\/"]}]},{"@type":"WebSite","@id":"https:\/\/samsafamilybakers.ee\/#website","url":"https:\/\/samsafamilybakers.ee\/","name":"Samsa Family Bakers","description":"SAMSA Family bakers \u2013 restoran pikaajaliste traditsioonidega","publisher":{"@id":"https:\/\/samsafamilybakers.ee\/#organization"},"potentialAction":[{"@type":"SearchAction","target":{"@type":"EntryPoint","urlTemplate":"https:\/\/samsafamilybakers.ee\/?s={search_term_string}"},"query-input":"required name=search_term_string"}],"inLanguage":"ru-RU"},{"@type":"Organization","@id":"https:\/\/samsafamilybakers.ee\/#organization","name":"Samsa Family Bakers","url":"https:\/\/samsafamilybakers.ee\/","logo":{"@type":"ImageObject","inLanguage":"ru-RU","@id":"https:\/\/samsafamilybakers.ee\/#\/schema\/logo\/image\/","url":"https:\/\/samsafamilybakers.ee\/wp-content\/uploads\/2020\/12\/sansa-logo.png","contentUrl":"https:\/\/samsafamilybakers.ee\/wp-content\/uploads\/2020\/12\/sansa-logo.png","width":294,"height":236,"caption":"Samsa Family Bakers"},"image":{"@id":"https:\/\/samsafamilybakers.ee\/#\/schema\/logo\/image\/"}}]}},"_links":{"self":[{"href":"https:\/\/samsafamilybakers.ee\/ru\/wp-json\/wp\/v2\/pages\/362"}],"collection":[{"href":"https:\/\/samsafamilybakers.ee\/ru\/wp-json\/wp\/v2\/pages"}],"about":[{"href":"https:\/\/samsafamilybakers.ee\/ru\/wp-json\/wp\/v2\/types\/page"}],"author":[{"embeddable":true,"href":"https:\/\/samsafamilybakers.ee\/ru\/wp-json\/wp\/v2\/users\/5"}],"replies":[{"embeddable":true,"href":"https:\/\/samsafamilybakers.ee\/ru\/wp-json\/wp\/v2\/comments?post=362"}],"version-history":[{"count":0,"href":"https:\/\/samsafamilybakers.ee\/ru\/wp-json\/wp\/v2\/pages\/362\/revisions"}],"wp:attachment":[{"href":"https:\/\/samsafamilybakers.ee\/ru\/wp-json\/wp\/v2\/media?parent=362"}],"curies":[{"name":"wp","href":"https:\/\/api.w.org\/{rel}","templated":true}]}}