{"id":451,"date":"2020-12-17T15:04:32","date_gmt":"2020-12-17T13:04:32","guid":{"rendered":"https:\/\/samsafamilybakers.ee\/privaatsuspoliitika\/"},"modified":"2021-02-11T13:39:34","modified_gmt":"2021-02-11T11:39:34","slug":"politika-konfidencialnosti","status":"publish","type":"page","link":"https:\/\/samsafamilybakers.ee\/ru\/politika-konfidencialnosti\/","title":{"rendered":"\u041f\u043e\u043b\u0438\u0442\u0438\u043a\u0430 \u043a\u043e\u043d\u0444\u0438\u0434\u0435\u043d\u0446\u0438\u0430\u043b\u044c\u043d\u043e\u0441\u0442\u0438"},"content":{"rendered":"\n<p><strong>PRIVAATSUSPOLIITIKA<\/strong><\/p>\n\n\n\n<ul><li>M\u00fc\u00fcjal ei ole \u00f5igust levitada Ostja andmeid.<\/li><li>Privaatsuspoliitika p\u00f5him\u00f5tted k\u00e4sitlevad kliendi andmete kogumist, kasutamist, avaldamist, edastamist ja talletamist. SAMSA FAMILY BAKERS O\u00dc j\u00e4rgib isikuandmete t\u00f6\u00f6tlemisel isikuandmete kaitse seaduses ja EL isikuandmete kaitse \u00fcldm\u00e4\u00e4ruses s\u00e4testatud p\u00f5him\u00f5tteid.<\/li><li>Isikuandmete kogumine v\u00f5ib toimuda allj\u00e4rgnevatel viisidel:<ul><li>kontaktandmete (sh nimi, postiaadress, telefoninumber, e-posti aadress) esitamisel meie e-poes<\/li><li>veebisaidi kasutamisel k\u00fcpsiste (cookies) kaudu ostu v\u00f5i tellimuse sooritamisel meie e-poes.<\/li><\/ul><\/li><li>Muude andmete kogumine:<ul><li>Kogume ka isikustamata andmeid \u2013 andmeid, mida ei saa otseselt \u00fche kindla isikuga siduda (sugu, vanus, keele eelistus, asukoht). V\u00f5ime koguda ka andmeid klienditegevuste kohta meie veebisaidil. Need andmed koondatakse ja neid kasutatakse selleks, et tagada p\u00fcsiv turvalisus veebilehel ning selgitada, millised veebisaidi, toodete ja teenuste osad on klientidele k\u00f5ige huvipakkuvamad. Koondandmeid k\u00e4sitletakse k\u00e4esolevas privaatsuspoliitikas isikustamata andmetena.<\/li><\/ul><\/li><li>Kliendiandmeid t\u00f6\u00f6deldakse j\u00e4rgnevatel eesm\u00e4rkidel:<ul><li>Tellimuste t\u00e4itmiseks (s.h Tellimusega seotud teadete edastamiseks)<\/li><li>Tellimuste k\u00e4ttetoimetamiseks<\/li><li>Veebilehel p\u00fcsiva turvalisuse tagamiseks<\/li><li>Muude Eesti Vabariigis kehtivate seadusest tulenevate kohustuste t\u00e4itmiseks<\/li><\/ul><\/li><li>Kliendiandmeid edastatakse kolmandatele osapooltele j\u00e4rgnevatel juhtudel:<ul><li>Kauba kohale toimetamiseks veoteenust pakkuvale Kaubavedajale, juhul kui klient on vastava teenuse tellinud.<\/li><li>Makselahenduste kasutamiseks finantsasutustele.<ul><li>S.h Maksete t\u00f6\u00f6tlemiseks vajalikud andmed edastatakse volitatud t\u00f6\u00f6tleja LHV maksekeskusele.<\/li><\/ul><\/li><li>V\u00f5lgade sissen\u00f5udmisel inkassoteenuseid pakkuvatele partneritele ja kohtut\u00e4ituritele.<\/li><li>Muudele riiklikutele institutsioonidele eesm\u00e4rgiga t\u00e4ita Eesti Vabariigis kehtivast seadusandlusest tulenevaid kohustusi.<\/li><li>Kliendi tuvastamiseks ja kontakteerumiseks kogutud isikuandmeid on v\u00f5imalik n\u00e4ha peale esitatud p\u00e4ringut. Kliendi ja isikuandemetega seotud p\u00e4ringuid on v\u00f5imalik esitada: E-posti aadressile: seiidov.timur@gmail.com v\u00f5i kohapeal SAMSA FAMILY BAKERS O\u00dc kontoris: Toompuiestee 37A, Kopli 1, 10412 Tallinn.<\/li><\/ul><\/li><\/ul>\n\n\n\n<p><strong>ISIKUANDMETE KAITSE JA TURVALISUS<\/strong><\/p>\n\n\n\n<ul><li>M\u00fc\u00fcja rakendab k\u00f5iki ettevaatusabin\u00f5usid (sh administratiivsed, tehnilised ja f\u00fc\u00fcsilised meetmed) kliendi isikuandmete kaitsmiseks. Juurdep\u00e4\u00e4s andmete muutmiseks ja t\u00f6\u00f6tlemiseks on ainult selleks volitatud isikutel.<\/li><li>K\u00f5ik e-poe k\u00fclastamise ja ostude sooritamise k\u00e4igus teatavaks saanud kliendi isikuandmeid k\u00e4sitletakse kui konfidentsiaalset infot. Kr\u00fcpteeritud andmesidekanal pankadega tagab ostu sooritaja isikuandmete ja pangarekvisiitide turvalisuse.<\/li><li>Kliendil on \u00f5igus n\u00f5uda oma andmete t\u00f6\u00f6tlemise l\u00f5petamist, teavet andmete kasutamise kohta ning andmete edastamist endale v\u00f5i kolmandale isikule \u00fcldkasutatavas vormingus. V\u00e4ltimaks kliendi andmete ja \u00f5iguste v\u00e4\u00e4rkasutust on taotlusi lubatud esitada \u00fcksnes vormis, kus taotleja isik on tuvastatav (digitaalselt allkirjastatud v\u00f5i esinduses isiklikult allkirjastatud). M\u00fc\u00fcjal on \u00f5igus sellistele taotlustele vastata 30 p\u00e4eva jooksul.<\/li><li>Kasutades SAMSA FAMILY BAKERS O\u00dc veebilehte kinnitate, et olete k\u00e4esolevate p\u00f5him\u00f5tete ja tingimustega tutvunud ning nendega n\u00f5ustunud. J\u00e4tame endale \u00f5iguse vajadusel privaatsuspoliitika \u00fcldtingimusi muuta.<\/li><li>Kliendi isikuandmete vastutav t\u00f6\u00f6tleja on SAMSA FAMILY BAKERS O\u00dc, registrikoodiga 12902541, aadressiga Toompuiestee 37A, Kopli 1, 10412 Tallinn.<\/li><li>Kliendiandmeid t\u00f6\u00f6deldakse \u00fcksnes Eesti Vabariigis, Euroopa liidu liikmesriikides v\u00f5i riikides, mille andmekaitse taset on Euroopa komisjon hinnanud piisavaks.<\/li><li>Kliendi ja isikuandemetega seotud p\u00e4ringuid on v\u00f5imalik esitada: E-posti aadressile: seiidov.timur@gmail.com v\u00f5i kohapeal Toompuiestee 37A, Kopli 1, 10412 Tallinn.<\/li><\/ul>\n\n\n\n<p><strong>VASTUTUS JA V\u00c4\u00c4RAMATU J\u00d5UD<\/strong><\/p>\n\n\n\n<ul><li>M\u00fc\u00fcja vastutab Teie ees ja Teie vastutate M\u00fc\u00fcja ees teisele poolele k\u00e4esolevate tingimuste rikkumisega tekitatud kahju eest Eesti Vabariigis kehtivates \u00f5igusaktides s\u00e4testatud juhtudel ja ulatuses.<\/li><li>M\u00fc\u00fcja ei vastuta Teile tekitatud kahjude eest v\u00f5i toote kohaletoimetamise viibimise eest juhul, kui kahju v\u00f5i toote kohaletoomise viibimine on tingitud asjaolust, mida M\u00fc\u00fcja ei saanud m\u00f5jutada ning mille saabumist M\u00fc\u00fcja ei n\u00e4inud ette ega v\u00f5inud ette n\u00e4ha (v\u00e4\u00e4ramatu j\u00f5ud).<\/li><\/ul>\n\n\n\n<p><strong>MUUD TINGIMUSED<\/strong><\/p>\n\n\n\n<ul><li>Tingimustes eraldi lahendamata k\u00fcsimustes l\u00e4htutakse Eesti Vabariigis kehtivatest \u00f5igusaktidest.<\/li><li>Ostja ja M\u00fc\u00fcja vahel seoses e-poe vahendusel toodete tellimise ja ostmisega tekkinud vaidlused lahendatakse l\u00e4bir\u00e4\u00e4kimiste teel. Kokkuleppe mittesaavutamisel on Ostjal \u00f5igus p\u00f6\u00f6rduda oma \u00f5iguste kaitseks Tarbijakaitseameti kaudu tarbijakaebuste<br>komisjoni v\u00f5i Harju Maakohtusse. Tarbija v\u00f5ib esitada kaebuse ise v\u00f5i esindaja kaudu. Vaidluste lahendamisel l\u00e4htutakse Eesti Vabariigis kehtivatest \u00f5igusaktidest.<\/li><\/ul>\n\n\n\n<p><strong>V\u00c4LISTAVAD TINGIMUSED<\/strong><\/p>\n\n\n\n<ul><li>E-poe veebilehel olevad tootepildid on tehtud v\u00f5imalikult tootele omaselt, aga on sellegipoolest illustratiivse t\u00e4hendusega.<\/li><li>K\u00f5ikide sisuelementide (s.h videod, pildid) kopeerimine\/taaslevitamine (v.a e-poe platvormile seadistatud v\u00f5imaluste kaudu) on keelatud ilma SAMSA FAMILY BAKERS O\u00dc kirjaliku n\u00f5usolekuta.<\/li><li>Toodete hinnad ning saadavus v\u00f5ivad muutuda ette teatamata. Antud juhul j\u00e4tab SAMSA FAMILY BAKERS O\u00dc endale \u00f5iguse loobuda m\u00fc\u00fcgist ning tagastada kliendile raha tema arvelduskontole 5 t\u00f6\u00f6p\u00e4eva jooksul.<\/li><li>Toote infot kontrollitakse ja t\u00e4iustatakse regulaarselt. Andmed v\u00f5ivad olla peale Teie viimast k\u00fclastust uuenenud.<\/li><li>Teil on keelatud e-poe mittesihip\u00e4rane kasutamine ja\/v\u00f5i mistahes tehniliste protsesside testimine, l\u00e4biviimine, s\u00fcsteemip\u00e4ringute saatmine, seadistamine, liidestamine jmt, mille eesm\u00e4rgiks on e-poe tegevuse h\u00e4irimine, andmete liikumise j\u00e4lgimine, vmt.<\/li><\/ul>\n","protected":false},"excerpt":{"rendered":"<p>PRIVAATSUSPOLIITIKA M\u00fc\u00fcjal ei ole \u00f5igust levitada Ostja andmeid. Privaatsuspoliitika p\u00f5him\u00f5tted k\u00e4sitlevad kliendi andmete kogumist, kasutamist, avaldamist, edastamist ja talletamist. SAMSA FAMILY BAKERS O\u00dc j\u00e4rgib isikuandmete t\u00f6\u00f6tlemisel isikuandmete kaitse seaduses ja EL isikuandmete kaitse \u00fcldm\u00e4\u00e4ruses s\u00e4testatud p\u00f5him\u00f5tteid. Isikuandmete kogumine v\u00f5ib toimuda allj\u00e4rgnevatel viisidel: kontaktandmete (sh nimi, postiaadress, telefoninumber, e-posti aadress) esitamisel meie e-poes veebisaidi kasutamisel k\u00fcpsiste [&hellip;]<\/p>\n","protected":false},"author":5,"featured_media":0,"parent":0,"menu_order":0,"comment_status":"closed","ping_status":"closed","template":"page-templates\/terms.php","meta":[],"yoast_head":"<!-- This site is optimized with the Yoast SEO plugin v20.1 - https:\/\/yoast.com\/wordpress\/plugins\/seo\/ -->\n<title>\u041f\u043e\u043b\u0438\u0442\u0438\u043a\u0430 \u043a\u043e\u043d\u0444\u0438\u0434\u0435\u043d\u0446\u0438\u0430\u043b\u044c\u043d\u043e\u0441\u0442\u0438 &bull; Samsa Family Bakers<\/title>\n<meta name=\"robots\" content=\"index, follow, max-snippet:-1, max-image-preview:large, max-video-preview:-1\" \/>\n<link rel=\"canonical\" href=\"https:\/\/samsafamilybakers.ee\/ru\/politika-konfidencialnosti\/\" \/>\n<meta property=\"og:locale\" content=\"ru_RU\" \/>\n<meta property=\"og:type\" content=\"article\" \/>\n<meta property=\"og:title\" content=\"\u041f\u043e\u043b\u0438\u0442\u0438\u043a\u0430 \u043a\u043e\u043d\u0444\u0438\u0434\u0435\u043d\u0446\u0438\u0430\u043b\u044c\u043d\u043e\u0441\u0442\u0438 &bull; Samsa Family Bakers\" \/>\n<meta property=\"og:description\" content=\"PRIVAATSUSPOLIITIKA M\u00fc\u00fcjal ei ole \u00f5igust levitada Ostja andmeid. Privaatsuspoliitika p\u00f5him\u00f5tted k\u00e4sitlevad kliendi andmete kogumist, kasutamist, avaldamist, edastamist ja talletamist. SAMSA FAMILY BAKERS O\u00dc j\u00e4rgib isikuandmete t\u00f6\u00f6tlemisel isikuandmete kaitse seaduses ja EL isikuandmete kaitse \u00fcldm\u00e4\u00e4ruses s\u00e4testatud p\u00f5him\u00f5tteid. Isikuandmete kogumine v\u00f5ib toimuda allj\u00e4rgnevatel viisidel: kontaktandmete (sh nimi, postiaadress, telefoninumber, e-posti aadress) esitamisel meie e-poes veebisaidi kasutamisel k\u00fcpsiste [&hellip;]\" \/>\n<meta property=\"og:url\" content=\"https:\/\/samsafamilybakers.ee\/ru\/politika-konfidencialnosti\/\" \/>\n<meta property=\"og:site_name\" content=\"Samsa Family Bakers\" \/>\n<meta property=\"article:modified_time\" content=\"2021-02-11T11:39:34+00:00\" \/>\n<meta name=\"twitter:card\" content=\"summary_large_image\" \/>\n<meta name=\"twitter:label1\" content=\"\u041f\u0440\u0438\u043c\u0435\u0440\u043d\u043e\u0435 \u0432\u0440\u0435\u043c\u044f \u0434\u043b\u044f \u0447\u0442\u0435\u043d\u0438\u044f\" \/>\n\t<meta name=\"twitter:data1\" content=\"3 \u043c\u0438\u043d\u0443\u0442\u044b\" \/>\n<script type=\"application\/ld+json\" class=\"yoast-schema-graph\">{\"@context\":\"https:\/\/schema.org\",\"@graph\":[{\"@type\":\"WebPage\",\"@id\":\"https:\/\/samsafamilybakers.ee\/ru\/politika-konfidencialnosti\/\",\"url\":\"https:\/\/samsafamilybakers.ee\/ru\/politika-konfidencialnosti\/\",\"name\":\"\u041f\u043e\u043b\u0438\u0442\u0438\u043a\u0430 \u043a\u043e\u043d\u0444\u0438\u0434\u0435\u043d\u0446\u0438\u0430\u043b\u044c\u043d\u043e\u0441\u0442\u0438 &bull; Samsa Family Bakers\",\"isPartOf\":{\"@id\":\"https:\/\/samsafamilybakers.ee\/#website\"},\"datePublished\":\"2020-12-17T13:04:32+00:00\",\"dateModified\":\"2021-02-11T11:39:34+00:00\",\"inLanguage\":\"ru-RU\",\"potentialAction\":[{\"@type\":\"ReadAction\",\"target\":[\"https:\/\/samsafamilybakers.ee\/ru\/politika-konfidencialnosti\/\"]}]},{\"@type\":\"WebSite\",\"@id\":\"https:\/\/samsafamilybakers.ee\/#website\",\"url\":\"https:\/\/samsafamilybakers.ee\/\",\"name\":\"Samsa Family Bakers\",\"description\":\"SAMSA Family bakers \u2013 restoran pikaajaliste traditsioonidega\",\"publisher\":{\"@id\":\"https:\/\/samsafamilybakers.ee\/#organization\"},\"potentialAction\":[{\"@type\":\"SearchAction\",\"target\":{\"@type\":\"EntryPoint\",\"urlTemplate\":\"https:\/\/samsafamilybakers.ee\/?s={search_term_string}\"},\"query-input\":\"required name=search_term_string\"}],\"inLanguage\":\"ru-RU\"},{\"@type\":\"Organization\",\"@id\":\"https:\/\/samsafamilybakers.ee\/#organization\",\"name\":\"Samsa Family Bakers\",\"url\":\"https:\/\/samsafamilybakers.ee\/\",\"logo\":{\"@type\":\"ImageObject\",\"inLanguage\":\"ru-RU\",\"@id\":\"https:\/\/samsafamilybakers.ee\/#\/schema\/logo\/image\/\",\"url\":\"https:\/\/samsafamilybakers.ee\/wp-content\/uploads\/2020\/12\/sansa-logo.png\",\"contentUrl\":\"https:\/\/samsafamilybakers.ee\/wp-content\/uploads\/2020\/12\/sansa-logo.png\",\"width\":294,\"height\":236,\"caption\":\"Samsa Family Bakers\"},\"image\":{\"@id\":\"https:\/\/samsafamilybakers.ee\/#\/schema\/logo\/image\/\"}}]}<\/script>\n<!-- \/ Yoast SEO plugin. -->","yoast_head_json":{"title":"\u041f\u043e\u043b\u0438\u0442\u0438\u043a\u0430 \u043a\u043e\u043d\u0444\u0438\u0434\u0435\u043d\u0446\u0438\u0430\u043b\u044c\u043d\u043e\u0441\u0442\u0438 &bull; Samsa Family Bakers","robots":{"index":"index","follow":"follow","max-snippet":"max-snippet:-1","max-image-preview":"max-image-preview:large","max-video-preview":"max-video-preview:-1"},"canonical":"https:\/\/samsafamilybakers.ee\/ru\/politika-konfidencialnosti\/","og_locale":"ru_RU","og_type":"article","og_title":"\u041f\u043e\u043b\u0438\u0442\u0438\u043a\u0430 \u043a\u043e\u043d\u0444\u0438\u0434\u0435\u043d\u0446\u0438\u0430\u043b\u044c\u043d\u043e\u0441\u0442\u0438 &bull; Samsa Family Bakers","og_description":"PRIVAATSUSPOLIITIKA M\u00fc\u00fcjal ei ole \u00f5igust levitada Ostja andmeid. Privaatsuspoliitika p\u00f5him\u00f5tted k\u00e4sitlevad kliendi andmete kogumist, kasutamist, avaldamist, edastamist ja talletamist. SAMSA FAMILY BAKERS O\u00dc j\u00e4rgib isikuandmete t\u00f6\u00f6tlemisel isikuandmete kaitse seaduses ja EL isikuandmete kaitse \u00fcldm\u00e4\u00e4ruses s\u00e4testatud p\u00f5him\u00f5tteid. Isikuandmete kogumine v\u00f5ib toimuda allj\u00e4rgnevatel viisidel: kontaktandmete (sh nimi, postiaadress, telefoninumber, e-posti aadress) esitamisel meie e-poes veebisaidi kasutamisel k\u00fcpsiste [&hellip;]","og_url":"https:\/\/samsafamilybakers.ee\/ru\/politika-konfidencialnosti\/","og_site_name":"Samsa Family Bakers","article_modified_time":"2021-02-11T11:39:34+00:00","twitter_card":"summary_large_image","twitter_misc":{"\u041f\u0440\u0438\u043c\u0435\u0440\u043d\u043e\u0435 \u0432\u0440\u0435\u043c\u044f \u0434\u043b\u044f \u0447\u0442\u0435\u043d\u0438\u044f":"3 \u043c\u0438\u043d\u0443\u0442\u044b"},"schema":{"@context":"https:\/\/schema.org","@graph":[{"@type":"WebPage","@id":"https:\/\/samsafamilybakers.ee\/ru\/politika-konfidencialnosti\/","url":"https:\/\/samsafamilybakers.ee\/ru\/politika-konfidencialnosti\/","name":"\u041f\u043e\u043b\u0438\u0442\u0438\u043a\u0430 \u043a\u043e\u043d\u0444\u0438\u0434\u0435\u043d\u0446\u0438\u0430\u043b\u044c\u043d\u043e\u0441\u0442\u0438 &bull; Samsa Family Bakers","isPartOf":{"@id":"https:\/\/samsafamilybakers.ee\/#website"},"datePublished":"2020-12-17T13:04:32+00:00","dateModified":"2021-02-11T11:39:34+00:00","inLanguage":"ru-RU","potentialAction":[{"@type":"ReadAction","target":["https:\/\/samsafamilybakers.ee\/ru\/politika-konfidencialnosti\/"]}]},{"@type":"WebSite","@id":"https:\/\/samsafamilybakers.ee\/#website","url":"https:\/\/samsafamilybakers.ee\/","name":"Samsa Family Bakers","description":"SAMSA Family bakers \u2013 restoran pikaajaliste traditsioonidega","publisher":{"@id":"https:\/\/samsafamilybakers.ee\/#organization"},"potentialAction":[{"@type":"SearchAction","target":{"@type":"EntryPoint","urlTemplate":"https:\/\/samsafamilybakers.ee\/?s={search_term_string}"},"query-input":"required name=search_term_string"}],"inLanguage":"ru-RU"},{"@type":"Organization","@id":"https:\/\/samsafamilybakers.ee\/#organization","name":"Samsa Family Bakers","url":"https:\/\/samsafamilybakers.ee\/","logo":{"@type":"ImageObject","inLanguage":"ru-RU","@id":"https:\/\/samsafamilybakers.ee\/#\/schema\/logo\/image\/","url":"https:\/\/samsafamilybakers.ee\/wp-content\/uploads\/2020\/12\/sansa-logo.png","contentUrl":"https:\/\/samsafamilybakers.ee\/wp-content\/uploads\/2020\/12\/sansa-logo.png","width":294,"height":236,"caption":"Samsa Family Bakers"},"image":{"@id":"https:\/\/samsafamilybakers.ee\/#\/schema\/logo\/image\/"}}]}},"_links":{"self":[{"href":"https:\/\/samsafamilybakers.ee\/ru\/wp-json\/wp\/v2\/pages\/451"}],"collection":[{"href":"https:\/\/samsafamilybakers.ee\/ru\/wp-json\/wp\/v2\/pages"}],"about":[{"href":"https:\/\/samsafamilybakers.ee\/ru\/wp-json\/wp\/v2\/types\/page"}],"author":[{"embeddable":true,"href":"https:\/\/samsafamilybakers.ee\/ru\/wp-json\/wp\/v2\/users\/5"}],"replies":[{"embeddable":true,"href":"https:\/\/samsafamilybakers.ee\/ru\/wp-json\/wp\/v2\/comments?post=451"}],"version-history":[{"count":0,"href":"https:\/\/samsafamilybakers.ee\/ru\/wp-json\/wp\/v2\/pages\/451\/revisions"}],"wp:attachment":[{"href":"https:\/\/samsafamilybakers.ee\/ru\/wp-json\/wp\/v2\/media?parent=451"}],"curies":[{"name":"wp","href":"https:\/\/api.w.org\/{rel}","templated":true}]}}