{"id":452,"date":"2020-12-17T14:38:03","date_gmt":"2020-12-17T12:38:03","guid":{"rendered":"https:\/\/samsafamilybakers.ee\/makse-ja-tarnetingimused\/"},"modified":"2021-02-12T10:20:13","modified_gmt":"2021-02-12T08:20:13","slug":"usloviya-oplaty-i-dostavki","status":"publish","type":"page","link":"https:\/\/samsafamilybakers.ee\/ru\/usloviya-oplaty-i-dostavki\/","title":{"rendered":"\u0423\u0441\u043b\u043e\u0432\u0438\u044f \u043e\u043f\u043b\u0430\u0442\u044b \u0438 \u0434\u043e\u0441\u0442\u0430\u0432\u043a\u0438"},"content":{"rendered":"\n<p><strong>\u00dcLDS\u00c4TTED<\/strong><\/p>\n\n\n\n<ul><li>K\u00e4esolevad e-poe \u00fcld\u2013 ja tellimistingimused (edaspidi: Tingimused) kehtivad k\u00f5igi isikute (edaspidi: Ostja) ning SAMSA FAMILY BAKERS O\u00dc (edasipidi: M\u00fc\u00fcja), registrikood 12902541, Toompuiestee 37A, Kopli 1, 10412 Tallinn, k\u00e4esoleva ostukeskkonna www.samsafamilybakers.com (edasipidi: epood) vahendusel toodete (edaspidi: Kaup) ostmisel tekkivatele \u00f5igussuhetele.<\/li><li>Tingimustega tutvumine on kohustuslik.<\/li><li>M\u00fc\u00fcjal on \u00f5igus oma e-poe parema ja turvalisema kasutamise huvides Tingimusi ja hinnakirja muuta ning t\u00e4iendada. Tingimuste ja hinnakirja muudatused ning t\u00e4iendused j\u00f5ustuvad vastava muudatuse v\u00f5i t\u00e4ienduse avaldamisest k\u00e4esolevas interneti lehek\u00fcljel. Kui Te edastasite oma tellimuse enne tingimuste muudatuste j\u00f5ustumist, kohaldatakse Teie ja SAMSA FAMILY BAKERS O\u00dc vahel tekkinud \u00f5igussuhtele Teie poolt tellimuse edastamise ajal kehtinud tingimusi, v.a kui seaduses v\u00f5i k\u00e4esolevates tingimustes on ette n\u00e4htud teisiti.<\/li><\/ul>\n\n\n\n<p><strong>TOOTED JA HINNAD<\/strong><\/p>\n\n\n\n<ul><li>Tooteid saab e-poes otsida ja valida liikudes m\u00f6\u00f6da lehek\u00fclgi, kasutades Toote kategooriaid ja muutes kuvatavate slaideritel pakutavaid v\u00e4\u00e4rtuste suurusi v\u00f5i teostada otsingut lehe vasakul \u00fcleval nurgas oleva \u201cluubiga\u201d. Sinna otsingusse v\u00f5ite sisestada, kas tootekoodi v\u00f5i v\u00e4hemalt 3 tootele iseloomulikku t\u00e4hte ja, v\u00f5i numbrit.<\/li><li>K\u00f5ik e-poes olevate Toodete hinnad on eurodes ja sisaldavad k\u00e4ibemaksu.<\/li><li>M\u00fc\u00fcjal on \u00f5igus igal ajal muuta e-poes kuvatavaid hindu. Kui e-poes on muudetud hindu peale Teie poolt tellimuse esitamist ja selle eest tasumist, siis kohustub M\u00fc\u00fcja tarnima Teile vastavad Kauba tellimuse hetkel kehtinud hindadega. Teil ei ole \u00f5igust n\u00f5uda hinnavahe kompenseerimist.<\/li><\/ul>\n\n\n\n<p><strong>OSTU SOORITAMINE, TELLIMUSE VORMISTAMINE, TRANSPORT ja TASUMINE<\/strong><\/p>\n\n\n\n<ul><li>Valige v\u00e4lja toode\/tooted ning lisage ostukorvi.<\/li><li>Ostukorvis on v\u00f5imalik tooteid lisada, kustutada ja muuta. Ostukorvi uuendamiseks vajutage nuppu \u201cUuenda ostukorvi\u201d.<\/li><li>Valige kauba k\u00e4ttetoimetamiseks sobiv transpordiviis.<ul><li>Alla 50.- eurose ostu korral tasub transpordi eest Ostja Kauba k\u00e4ttesaamisel, valitud transportti osutavale firmale, vastavalt tema kehtivale hinnakirjale.<\/li><li>\u00dcle 50.- eurose ostu korral tasub Ostja poolt valitud transpordi M\u00fc\u00fcja.<\/li><\/ul><\/li><li>Sobiva Kauba ja transpordi v\u00e4lja valimisel vajutage nuppu \u201cVormista tellimus\u201d. Teid suunatakse kliendiandmete lehele. Valige kliendit\u00fc\u00fcp ja sisestage n\u00f5utud andmed.<\/li><li>Olge tellija andmete ja tellimuse kinnituse lehek\u00fclgedel olevate lahtrite t\u00e4itmisel t\u00e4helepanelik, sest selle informatsiooni t\u00e4psusest ja \u00f5igsusest s\u00f5ltub Teie poolt ostetud Kauba kiire ja h\u00e4ireteta kohaletoimetamine.<\/li><li>Juhul kui soovite Kaupa tarnida ostja aadressist erinevale aadressile, tehke linnuke \u201cSaada teisele aadressile\u201d, ning sisestage soovitud tarneaadress eraldi selle jaoks etten\u00e4htud lahtritesse.<\/li><li>Valige endale sobiv makseviis.<\/li><\/ul>\n\n\n\n<p>NB! Ostja on kohustatud enne makse sooritamist kontrollima, et andmed tema poolt tehtaval tellimusel on \u00f5iged.<\/p>\n\n\n\n<p><strong>Toodete eest on v\u00f5imalik tasuda:<\/strong><\/p>\n\n\n\n<ul><li>Maksan tellimuse eest <strong>pangakaardiga<\/strong> (makset saab teostada deebet- v\u00f5i krediitkaardiga VISA, MasterCard, Maestro, kui pank seda v\u00f5imaldab. Antud funktsiooni saab aktiveerida veebipanga konto seadetes.).<\/li><\/ul>\n\n\n\n<p>Tasudes tellimuse eest pangakaardiga toimub makse sooritamine EveryPay turvalises maksekeskkonnas, mis on v\u00e4ljaspool E-poe keskkonda. E-poel puudub ligip\u00e4\u00e4s Ostja panga, deebet- v\u00f5i krediitkaardi andmetele. Teil tuleb sisestada makse sooritamiseks maksekaardi number, selle kehtivusaeg (VALID THRU) kuu\/aasta, ning s\u00f5ltuvalt kaardist 3 v\u00f5i 4-kohaline turvakood (CVV2\/CVC2\/CID).<\/p>\n\n\n\n<p>Kui sooritate makse pangakaardiga, siis vajutage peale makse sooritamist nuppu \u201cTagasi kaupmehe juurde\u201d ja teile kuvatakse teade \u201cMakse on edukal sooritatud\u201d. Kui vajutate enne makse sooritamist nuppu \u201cTagasi kaupmehe juurde v\u00f5i maksmise ajal nuppu \u201cKatkesta\u201d, siis makse ei laeku, Teie ostukorvi sisu kustutatakse ja tellimus t\u00fchistatakse.<\/p>\n\n\n\n<p>Peale makse sooritamist saadetakse Teile automaatne kinnitus makse ja tellimuse sooritamise kohta. Kinnitus saadetakse Ostja poolt sisestatud e-meili aadressile. Arvet Kauba eest ei saadeta automaatselt, seda teeb inimene kes kontrollib, et k\u00f5ik on korras. Seega ei saa Ostja arvet koheselt v\u00f5i \u00f6isel ajal ja puhkep\u00e4evadel. Tellimuse t\u00e4itmine algab hetkest, kui EveryPay maksekeskus kinnitab M\u00fc\u00fcjale, et makse on edukalt sooritatud.<\/p>\n\n\n\n<ul><li>Maksan tellimuse eest <strong>arve alusel panga\u00fclekandega<\/strong><\/li><\/ul>\n\n\n\n<p>Kui valite, et soovite maksta arve alusel panga\u00fclekandega, siis arve koostatakse ja saadetakse Ostjale tema poolt tehtud tellimuses sisalduvate andmete alusel. Kui ostjaks on eraisik, siis on arve peal eraisiku andmed ja kui ostjaks on firma, siis on arve peal firma andmed. Arve ja k\u00f5ik muu vajalik informatsioon saadetakse Ostja poolt sisestatud e-mailile. Ostja on kohustatud kontrollima, kas k\u00f5ik on \u00f5ige ja teavitama m\u00fc\u00fcjat, kui midagi on valesti. Arvet Kauba eest ei saadeta automaatselt, seda teeb inimene, kes kontrollib, et k\u00f5ik on korras. Seega ei saa Ostja arvet koheselt v\u00f5i \u00f6isel ajal ja puhkep\u00e4evadel. Tellimuse t\u00e4itmine algab hetkest, kui kogu arvel m\u00e4rgitud summa on laekunud M\u00fc\u00fcja kontole.<\/p>\n\n\n\n<p><strong>TOODETE KOHALETOIMETAMINE.<\/strong><\/p>\n\n\n\n<ul><li>Kaup toimetatakse peale Kauba eest tasu laekumist ja vastavalt tellimuse tegemisel Ostja poolt valitud tarneviisile.<\/li><li>Kui p\u00e4rast m\u00fc\u00fcgitehingu s\u00f5lmimist selgub, et Kaup on mingil p\u00f5hjusel M\u00fc\u00fcja laost otsa l\u00f5ppenud ja selle tellimine ja kohaletoimetamine v\u00f5tab kauem aega, siis teavitab M\u00fc\u00fcja Ostjat kahe t\u00f6\u00f6p\u00e4eva jooksul ning annab teada Ostjale uue eeldatava kohaletoimetamise t\u00e4htaja. Ostjal on \u00f5igus kohaletoimetamise t\u00e4htaja pikenemise t\u00f5ttu ostu-m\u00fc\u00fcgilepingust taganeda.<\/li><li>Kaubad toimetatakse Ostjale kasutades selleks kolmandast isikust veoteenuse osutajaid (edaspidi: Kaubavedaja). Kui olete valinud tarneviisiks \u201cTulen ise j\u00e4rele\u201d saate oma tellitud kaubale j\u00e4rele tulla: t\u00f6\u00f6p\u00e4evadel kell 10:00 \u2013 21.00 va. riigip\u00fchad, aadressil Toompuiestee 37A, Kopli 1, 10412 Tallinn.<\/li><li>K\u00f5ik saadetised anname Ostja m\u00e4\u00e4ratud sitpunkti toimetamiseks \u00fcle Kaubavedajale 1-2 t\u00f6\u00f6p\u00e4eva jooksul alates m\u00fc\u00fcgilepingu j\u00f5ustumisest, kui kaup on laos olemas ning pole \u00f6eldud teisiti.<\/li><\/ul>\n\n\n\n<p><strong>PRETENSIOONIDE ESITAMISE KORD<\/strong><\/p>\n\n\n\n<ul><li>Kaupadele kehtib V\u00d5S \u00a7-s 218 s\u00e4testatud pretensioonide esitamise kord.<\/li><li>M\u00fc\u00fcja ei vastuta:<ul><li>Ostja s\u00fc\u00fcl Kauba f\u00fc\u00fcsilise kahjustamise eest<\/li><li>Puuduste eest, mis on tekkinud Kauba ebasihip\u00e4rase kasutamise tagaj\u00e4rjel.<\/li><\/ul><\/li><li>Kauba n\u00f5uetele mittevastavuse korral on Ostjal \u00f5igus n\u00f5uda Kauba asendamist n\u00f5uetele vastava Kaubaga.<\/li><\/ul>\n","protected":false},"excerpt":{"rendered":"<p>\u00dcLDS\u00c4TTED K\u00e4esolevad e-poe \u00fcld\u2013 ja tellimistingimused (edaspidi: Tingimused) kehtivad k\u00f5igi isikute (edaspidi: Ostja) ning SAMSA FAMILY BAKERS O\u00dc (edasipidi: M\u00fc\u00fcja), registrikood 12902541, Toompuiestee 37A, Kopli 1, 10412 Tallinn, k\u00e4esoleva ostukeskkonna www.samsafamilybakers.com (edasipidi: epood) vahendusel toodete (edaspidi: Kaup) ostmisel tekkivatele \u00f5igussuhetele. Tingimustega tutvumine on kohustuslik. M\u00fc\u00fcjal on \u00f5igus oma e-poe parema ja turvalisema kasutamise huvides Tingimusi [&hellip;]<\/p>\n","protected":false},"author":5,"featured_media":0,"parent":0,"menu_order":0,"comment_status":"closed","ping_status":"closed","template":"page-templates\/terms.php","meta":[],"yoast_head":"<!-- This site is optimized with the Yoast SEO plugin v20.1 - https:\/\/yoast.com\/wordpress\/plugins\/seo\/ -->\n<title>\u0423\u0441\u043b\u043e\u0432\u0438\u044f \u043e\u043f\u043b\u0430\u0442\u044b \u0438 \u0434\u043e\u0441\u0442\u0430\u0432\u043a\u0438 &bull; Samsa Family Bakers<\/title>\n<meta name=\"robots\" content=\"index, follow, max-snippet:-1, max-image-preview:large, max-video-preview:-1\" \/>\n<link rel=\"canonical\" href=\"https:\/\/samsafamilybakers.ee\/ru\/usloviya-oplaty-i-dostavki\/\" \/>\n<meta property=\"og:locale\" content=\"ru_RU\" \/>\n<meta property=\"og:type\" content=\"article\" \/>\n<meta property=\"og:title\" content=\"\u0423\u0441\u043b\u043e\u0432\u0438\u044f \u043e\u043f\u043b\u0430\u0442\u044b \u0438 \u0434\u043e\u0441\u0442\u0430\u0432\u043a\u0438 &bull; Samsa Family Bakers\" \/>\n<meta property=\"og:description\" content=\"\u00dcLDS\u00c4TTED K\u00e4esolevad e-poe \u00fcld\u2013 ja tellimistingimused (edaspidi: Tingimused) kehtivad k\u00f5igi isikute (edaspidi: Ostja) ning SAMSA FAMILY BAKERS O\u00dc (edasipidi: M\u00fc\u00fcja), registrikood 12902541, Toompuiestee 37A, Kopli 1, 10412 Tallinn, k\u00e4esoleva ostukeskkonna www.samsafamilybakers.com (edasipidi: epood) vahendusel toodete (edaspidi: Kaup) ostmisel tekkivatele \u00f5igussuhetele. Tingimustega tutvumine on kohustuslik. M\u00fc\u00fcjal on \u00f5igus oma e-poe parema ja turvalisema kasutamise huvides Tingimusi [&hellip;]\" \/>\n<meta property=\"og:url\" content=\"https:\/\/samsafamilybakers.ee\/ru\/usloviya-oplaty-i-dostavki\/\" \/>\n<meta property=\"og:site_name\" content=\"Samsa Family Bakers\" \/>\n<meta property=\"article:modified_time\" content=\"2021-02-12T08:20:13+00:00\" \/>\n<meta name=\"twitter:card\" content=\"summary_large_image\" \/>\n<meta name=\"twitter:label1\" content=\"\u041f\u0440\u0438\u043c\u0435\u0440\u043d\u043e\u0435 \u0432\u0440\u0435\u043c\u044f \u0434\u043b\u044f \u0447\u0442\u0435\u043d\u0438\u044f\" \/>\n\t<meta name=\"twitter:data1\" content=\"4 \u043c\u0438\u043d\u0443\u0442\u044b\" \/>\n<script type=\"application\/ld+json\" class=\"yoast-schema-graph\">{\"@context\":\"https:\/\/schema.org\",\"@graph\":[{\"@type\":\"WebPage\",\"@id\":\"https:\/\/samsafamilybakers.ee\/ru\/usloviya-oplaty-i-dostavki\/\",\"url\":\"https:\/\/samsafamilybakers.ee\/ru\/usloviya-oplaty-i-dostavki\/\",\"name\":\"\u0423\u0441\u043b\u043e\u0432\u0438\u044f \u043e\u043f\u043b\u0430\u0442\u044b \u0438 \u0434\u043e\u0441\u0442\u0430\u0432\u043a\u0438 &bull; Samsa Family Bakers\",\"isPartOf\":{\"@id\":\"https:\/\/samsafamilybakers.ee\/#website\"},\"datePublished\":\"2020-12-17T12:38:03+00:00\",\"dateModified\":\"2021-02-12T08:20:13+00:00\",\"inLanguage\":\"ru-RU\",\"potentialAction\":[{\"@type\":\"ReadAction\",\"target\":[\"https:\/\/samsafamilybakers.ee\/ru\/usloviya-oplaty-i-dostavki\/\"]}]},{\"@type\":\"WebSite\",\"@id\":\"https:\/\/samsafamilybakers.ee\/#website\",\"url\":\"https:\/\/samsafamilybakers.ee\/\",\"name\":\"Samsa Family Bakers\",\"description\":\"SAMSA Family bakers \u2013 restoran pikaajaliste traditsioonidega\",\"publisher\":{\"@id\":\"https:\/\/samsafamilybakers.ee\/#organization\"},\"potentialAction\":[{\"@type\":\"SearchAction\",\"target\":{\"@type\":\"EntryPoint\",\"urlTemplate\":\"https:\/\/samsafamilybakers.ee\/?s={search_term_string}\"},\"query-input\":\"required name=search_term_string\"}],\"inLanguage\":\"ru-RU\"},{\"@type\":\"Organization\",\"@id\":\"https:\/\/samsafamilybakers.ee\/#organization\",\"name\":\"Samsa Family Bakers\",\"url\":\"https:\/\/samsafamilybakers.ee\/\",\"logo\":{\"@type\":\"ImageObject\",\"inLanguage\":\"ru-RU\",\"@id\":\"https:\/\/samsafamilybakers.ee\/#\/schema\/logo\/image\/\",\"url\":\"https:\/\/samsafamilybakers.ee\/wp-content\/uploads\/2020\/12\/sansa-logo.png\",\"contentUrl\":\"https:\/\/samsafamilybakers.ee\/wp-content\/uploads\/2020\/12\/sansa-logo.png\",\"width\":294,\"height\":236,\"caption\":\"Samsa Family Bakers\"},\"image\":{\"@id\":\"https:\/\/samsafamilybakers.ee\/#\/schema\/logo\/image\/\"}}]}<\/script>\n<!-- \/ Yoast SEO plugin. -->","yoast_head_json":{"title":"\u0423\u0441\u043b\u043e\u0432\u0438\u044f \u043e\u043f\u043b\u0430\u0442\u044b \u0438 \u0434\u043e\u0441\u0442\u0430\u0432\u043a\u0438 &bull; Samsa Family Bakers","robots":{"index":"index","follow":"follow","max-snippet":"max-snippet:-1","max-image-preview":"max-image-preview:large","max-video-preview":"max-video-preview:-1"},"canonical":"https:\/\/samsafamilybakers.ee\/ru\/usloviya-oplaty-i-dostavki\/","og_locale":"ru_RU","og_type":"article","og_title":"\u0423\u0441\u043b\u043e\u0432\u0438\u044f \u043e\u043f\u043b\u0430\u0442\u044b \u0438 \u0434\u043e\u0441\u0442\u0430\u0432\u043a\u0438 &bull; Samsa Family Bakers","og_description":"\u00dcLDS\u00c4TTED K\u00e4esolevad e-poe \u00fcld\u2013 ja tellimistingimused (edaspidi: Tingimused) kehtivad k\u00f5igi isikute (edaspidi: Ostja) ning SAMSA FAMILY BAKERS O\u00dc (edasipidi: M\u00fc\u00fcja), registrikood 12902541, Toompuiestee 37A, Kopli 1, 10412 Tallinn, k\u00e4esoleva ostukeskkonna www.samsafamilybakers.com (edasipidi: epood) vahendusel toodete (edaspidi: Kaup) ostmisel tekkivatele \u00f5igussuhetele. Tingimustega tutvumine on kohustuslik. M\u00fc\u00fcjal on \u00f5igus oma e-poe parema ja turvalisema kasutamise huvides Tingimusi [&hellip;]","og_url":"https:\/\/samsafamilybakers.ee\/ru\/usloviya-oplaty-i-dostavki\/","og_site_name":"Samsa Family Bakers","article_modified_time":"2021-02-12T08:20:13+00:00","twitter_card":"summary_large_image","twitter_misc":{"\u041f\u0440\u0438\u043c\u0435\u0440\u043d\u043e\u0435 \u0432\u0440\u0435\u043c\u044f \u0434\u043b\u044f \u0447\u0442\u0435\u043d\u0438\u044f":"4 \u043c\u0438\u043d\u0443\u0442\u044b"},"schema":{"@context":"https:\/\/schema.org","@graph":[{"@type":"WebPage","@id":"https:\/\/samsafamilybakers.ee\/ru\/usloviya-oplaty-i-dostavki\/","url":"https:\/\/samsafamilybakers.ee\/ru\/usloviya-oplaty-i-dostavki\/","name":"\u0423\u0441\u043b\u043e\u0432\u0438\u044f \u043e\u043f\u043b\u0430\u0442\u044b \u0438 \u0434\u043e\u0441\u0442\u0430\u0432\u043a\u0438 &bull; Samsa Family Bakers","isPartOf":{"@id":"https:\/\/samsafamilybakers.ee\/#website"},"datePublished":"2020-12-17T12:38:03+00:00","dateModified":"2021-02-12T08:20:13+00:00","inLanguage":"ru-RU","potentialAction":[{"@type":"ReadAction","target":["https:\/\/samsafamilybakers.ee\/ru\/usloviya-oplaty-i-dostavki\/"]}]},{"@type":"WebSite","@id":"https:\/\/samsafamilybakers.ee\/#website","url":"https:\/\/samsafamilybakers.ee\/","name":"Samsa Family Bakers","description":"SAMSA Family bakers \u2013 restoran pikaajaliste traditsioonidega","publisher":{"@id":"https:\/\/samsafamilybakers.ee\/#organization"},"potentialAction":[{"@type":"SearchAction","target":{"@type":"EntryPoint","urlTemplate":"https:\/\/samsafamilybakers.ee\/?s={search_term_string}"},"query-input":"required name=search_term_string"}],"inLanguage":"ru-RU"},{"@type":"Organization","@id":"https:\/\/samsafamilybakers.ee\/#organization","name":"Samsa Family Bakers","url":"https:\/\/samsafamilybakers.ee\/","logo":{"@type":"ImageObject","inLanguage":"ru-RU","@id":"https:\/\/samsafamilybakers.ee\/#\/schema\/logo\/image\/","url":"https:\/\/samsafamilybakers.ee\/wp-content\/uploads\/2020\/12\/sansa-logo.png","contentUrl":"https:\/\/samsafamilybakers.ee\/wp-content\/uploads\/2020\/12\/sansa-logo.png","width":294,"height":236,"caption":"Samsa Family Bakers"},"image":{"@id":"https:\/\/samsafamilybakers.ee\/#\/schema\/logo\/image\/"}}]}},"_links":{"self":[{"href":"https:\/\/samsafamilybakers.ee\/ru\/wp-json\/wp\/v2\/pages\/452"}],"collection":[{"href":"https:\/\/samsafamilybakers.ee\/ru\/wp-json\/wp\/v2\/pages"}],"about":[{"href":"https:\/\/samsafamilybakers.ee\/ru\/wp-json\/wp\/v2\/types\/page"}],"author":[{"embeddable":true,"href":"https:\/\/samsafamilybakers.ee\/ru\/wp-json\/wp\/v2\/users\/5"}],"replies":[{"embeddable":true,"href":"https:\/\/samsafamilybakers.ee\/ru\/wp-json\/wp\/v2\/comments?post=452"}],"version-history":[{"count":0,"href":"https:\/\/samsafamilybakers.ee\/ru\/wp-json\/wp\/v2\/pages\/452\/revisions"}],"wp:attachment":[{"href":"https:\/\/samsafamilybakers.ee\/ru\/wp-json\/wp\/v2\/media?parent=452"}],"curies":[{"name":"wp","href":"https:\/\/api.w.org\/{rel}","templated":true}]}}